{"id":440,"date":"2023-10-15T21:55:47","date_gmt":"2023-10-15T21:55:47","guid":{"rendered":"https:\/\/lafisioclinica.com\/?page_id=440"},"modified":"2024-01-10T10:03:29","modified_gmt":"2024-01-10T10:03:29","slug":"contacto","status":"publish","type":"page","link":"https:\/\/lafisioclinica.com\/en\/contacto\/","title":{"rendered":"Contacto"},"content":{"rendered":"<div id=\"fws_69f1d45e5a865\"  data-column-margin=\"default\" data-midnight=\"light\" data-top-percent=\"5%\"  class=\"wpb_row vc_row-fluid vc_row full-width-content vc_row-o-equal-height vc_row-flex vc_row-o-content-top  zindex-set right_padding_5pct left_padding_5pct right_padding_phone_14px left_padding_phone_14px\"  style=\"padding-top: calc(100vw * 0.05); padding-bottom: 0px;  z-index: 10;\"><div class=\"row-bg-wrap\" data-bg-animation=\"none\" data-bg-animation-delay=\"\" data-bg-overlay=\"false\"><div class=\"inner-wrap row-bg-layer\" ><div class=\"row-bg viewport-desktop\"  style=\"\"><\/div><\/div><div class=\"row-bg-overlay row-bg-layer\" style=\"background:linear-gradient(180deg, rgba(85,198,194,0.466) 7%, rgba(243,243,243,0) 52%);\"><\/div><\/div><div class=\"row_col_wrap_12 col span_12 light left\">\n\t<div  class=\"vc_col-sm-12 wpb_column column_container vc_column_container col no-extra-padding inherit_tablet inherit_phone\"  data-padding-pos=\"all\" data-has-bg-color=\"false\" data-bg-color=\"\" data-bg-opacity=\"1\" data-animation=\"\" data-delay=\"0\" >\n\t\t<div class=\"vc_column-inner\" >\n\t\t\t<div class=\"wpb_wrapper\">\n\t\t\t\t<div id=\"fws_69f1d45e5af84\" data-midnight=\"\" data-column-margin=\"default\" class=\"wpb_row vc_row-fluid vc_row inner_row vc_row-o-equal-height vc_row-flex vc_row-o-content-bottom right_padding_10pct\"  style=\"padding-bottom: 3%; \"><div class=\"row-bg-wrap\"> <div class=\"row-bg\" ><\/div> <\/div><div class=\"row_col_wrap_12_inner col span_12  right\">\n\t<div  class=\"vc_col-sm-2 wpb_column column_container vc_column_container col child_column no-extra-padding inherit_tablet inherit_phone\"   data-padding-pos=\"all\" data-has-bg-color=\"false\" data-bg-color=\"\" data-bg-opacity=\"1\" data-animation=\"\" data-delay=\"0\" >\n\t\t<div class=\"vc_column-inner\" >\n\t\t<div class=\"wpb_wrapper\">\n\t\t\t<div class=\"img-with-aniamtion-wrap\" data-max-width=\"100%\" data-max-width-mobile=\"default\" data-shadow=\"none\" data-animation=\"none\" >\n      <div class=\"inner\">\n        <div class=\"hover-wrap\"> \n          <div class=\"hover-wrap-inner\">\n            <img loading=\"lazy\" decoding=\"async\" class=\"img-with-animation skip-lazy\" data-delay=\"0\" height=\"152\" width=\"185\" data-animation=\"none\" src=\"https:\/\/lafisioclinica.com\/wp-content\/uploads\/2023\/10\/logo-verde-corazon-LaFisio-clinica-fisioterapia-ruzafa-valencia.png\" alt=\"\"  \/>\n          <\/div>\n        <\/div>\n      <\/div>\n    <\/div>\n\t\t<\/div> \n\t<\/div>\n\t<\/div> \n\n\t<div style=\" color: #00c6c0;\" class=\"vc_col-sm-10 wpb_column column_container vc_column_container col child_column no-extra-padding force-desktop-text-align-left inherit_tablet inherit_phone\" data-cfc=\"true\"  data-padding-pos=\"right\" data-has-bg-color=\"false\" data-bg-color=\"\" data-bg-opacity=\"1\" data-animation=\"\" data-delay=\"0\" >\n\t\t<div class=\"vc_column-inner\" >\n\t\t<div class=\"wpb_wrapper\">\n\t\t\t\n<div class=\"wpb_text_column wpb_content_element  texthome\" >\n\t<div class=\"wpb_wrapper\">\n\t\t<h2>Contacto<\/h2>\n\t<\/div>\n<\/div>\n\n\n\n\n<div class=\"wpb_text_column wpb_content_element\" >\n\t<div class=\"wpb_wrapper\">\n\t\t<h1 style=\"text-align: left;\">TU CL\u00cdNICA DE RUZAFA, VALENCIA<\/h1>\n\t<\/div>\n<\/div>\n\n\n\n\n\t\t<\/div> \n\t<\/div>\n\t<\/div> \n<\/div><\/div>\n\t\t\t<\/div> \n\t\t<\/div>\n\t<\/div> \n<\/div><\/div>\n\t\t<div id=\"fws_69f1d45e5bec8\"  data-column-margin=\"20px\" data-midnight=\"dark\" data-top-percent=\"4%\" data-bottom-percent=\"8%\"  class=\"wpb_row vc_row-fluid vc_row full-width-content vc_row-o-equal-height vc_row-flex vc_row-o-content-top  zindex-set right_padding_5pct left_padding_5pct right_padding_phone_14px left_padding_phone_14px\"  style=\"padding-top: calc(100vw * 0.04); padding-bottom: calc(100vw * 0.08);  z-index: 10;\"><div class=\"row-bg-wrap\" data-bg-animation=\"none\" data-bg-animation-delay=\"\" data-bg-overlay=\"false\"><div class=\"inner-wrap row-bg-layer\" ><div class=\"row-bg viewport-desktop\"  style=\"\"><\/div><\/div><div class=\"row-bg-overlay row-bg-layer\" style=\"background:linear-gradient(180deg, rgb(239,252,249) 10%, rgb(171, 226, 223) 90%);\"><\/div><\/div><div class=\"row_col_wrap_12 col span_12 dark left\">\n\t<div style=\"\" class=\"vc_col-sm-7 wpb_column column_container vc_column_container col el_spacing_0px bottom_margin_tablet_20px col-overflow-hidden left_padding_desktop_4vw left_padding_tablet_8vw top_padding_desktop_4vw top_padding_tablet_8vw right_padding_desktop_4vw right_padding_tablet_8vw bottom_padding_desktop_4vw bottom_padding_tablet_8vw\" data-using-bg=\"true\" data-border-radius=\"15px\" data-padding-pos=\"all\" data-has-bg-color=\"true\" data-bg-color=\"#ffffff\" data-bg-opacity=\"1\" data-animation=\"\" data-delay=\"0\" >\n\t\t<div class=\"vc_column-inner\" ><div class=\"column-bg-overlay-wrap column-bg-layer\" data-bg-animation=\"none\"><div class=\"column-bg-overlay\" style=\"opacity: 1; background-color: #ffffff;\"><\/div><\/div>\n\t\t\t<div class=\"wpb_wrapper\">\n\t\t\t\t<div id=\"fws_69f1d45e5c118\" data-midnight=\"\" data-column-margin=\"default\" class=\"wpb_row vc_row-fluid vc_row inner_row\"  style=\"\"><div class=\"row-bg-wrap\"> <div class=\"row-bg\" ><\/div> <\/div><div class=\"row_col_wrap_12_inner col span_12  left\">\n\t<div style=\" color: #0a0000;\" class=\"vc_col-sm-12 wpb_column column_container vc_column_container col child_column el_spacing_10px right_padding_tablet_33vw right_padding_phone_0px\" data-cfc=\"true\"  data-padding-pos=\"all\" data-has-bg-color=\"false\" data-bg-color=\"\" data-bg-opacity=\"1\" data-animation=\"\" data-delay=\"0\" >\n\t\t<div class=\"vc_column-inner\" >\n\t\t<div class=\"wpb_wrapper\">\n\t\t\t<div id=\"map_69f1d45e5c30f\" style=\"height: 350px;\" class=\"nectar-leaflet-map\" data-infowindow-start-open=\"\" data-dark-color-scheme=\"\" data-marker-style=\"default\" data-nectar-marker-color=\"extra-color-2\" data-ultra-flat=\"\" data-greyscale=\"1\" data-extra-color=\"\" data-enable-animation=\"false\" data-enable-zoom=\"\" data-zoom-level=\"15\" data-center-lat=\"39.4618132\" data-center-lng=\"-0.3683338\" data-marker-img=\"\"><\/div><div class=\"map_69f1d45e5c30f map-marker-list\"><div class=\"map-marker\" data-marker-image-width=\"50\" data-marker-image-height=\"50\" data-lat=\"39.4618132\" data-lng=\"-0.3683338\" data-mapinfo=\"LaFisio\"><\/div><\/div>\n\t\t<\/div> \n\t<\/div>\n\t<\/div> \n<\/div><\/div>\n\t\t\t<\/div> \n\t\t<\/div>\n\t<\/div> \n\n\t<div style=\" color: #000000;\" class=\"vc_col-sm-5 wpb_column column_container vc_column_container col el_spacing_20px left_padding_desktop_4vw left_padding_tablet_8vw top_padding_desktop_4vw top_padding_tablet_8vw right_padding_desktop_4vw right_padding_tablet_8vw bottom_padding_desktop_4vw bottom_padding_tablet_8vw\" data-cfc=\"true\" data-using-bg=\"true\" data-border-radius=\"15px\" data-padding-pos=\"all\" data-has-bg-color=\"true\" data-bg-color=\"#ffffff\" data-bg-opacity=\"1\" data-animation=\"\" data-delay=\"0\" >\n\t\t<div class=\"vc_column-inner\" ><div class=\"column-bg-overlay-wrap column-bg-layer\" data-bg-animation=\"none\"><div class=\"column-bg-overlay\" style=\"opacity: 1; background-color: #ffffff;\"><\/div><\/div>\n\t\t\t<div class=\"wpb_wrapper\">\n\t\t\t\t<div id=\"fws_69f1d45e5c560\" data-midnight=\"\" data-column-margin=\"default\" class=\"wpb_row vc_row-fluid vc_row inner_row\"  style=\"\"><div class=\"row-bg-wrap\"> <div class=\"row-bg\" ><\/div> <\/div><div class=\"row_col_wrap_12_inner col span_12  left\">\n\t<div style=\" color: #000000;\" class=\"vc_col-sm-12 wpb_column column_container vc_column_container col child_column el_spacing_10px top_padding_desktop_5px right_padding_tablet_33vw right_padding_phone_0px\" data-cfc=\"true\"  data-padding-pos=\"all\" data-has-bg-color=\"false\" data-bg-color=\"\" data-bg-opacity=\"1\" data-animation=\"\" data-delay=\"0\" >\n\t\t<div class=\"vc_column-inner\" >\n\t\t<div class=\"wpb_wrapper\">\n\t\t\t<div class=\"nectar-highlighted-text font_line_height_35px\" data-style=\"full_text\" data-exp=\"default\" data-user-color=\"true\" style=\"color: #55c6c2;\" data-using-custom-color=\"false\" data-animation-delay=\"false\" data-color=\"\" data-color-gradient=\"\">\n<h3>Estamos aqu\u00ed<\/h3>\n<\/div>\n<div class=\"wpb_text_column wpb_content_element  vc_custom_1697470587353\" >\n\t<div class=\"wpb_wrapper\">\n\t\t<p>Carrer del Dr. Sumsi, 36,<br \/>\n46005 Val\u00e8ncia<\/p>\n<p><span style=\"color: #333333;\">Tel. <a href=\"tel:653640883\" data-dtype=\"d3ph\" data-local-attribute=\"d3ph\" data-ved=\"2ahUKEwit0ZuAh_mBAxXPQaQEHRPIAHYQkAgoAHoECEYQAw\"><span aria-label=\"Llamar al n\u00famero de tel\u00e9fono 653 64 08 83\">653 64 08 83<\/span><\/a><\/span><\/p>\n<p><a href=\"mailto:info@lafisioclinica.com\">info@lafisioclinica.com <\/a><\/p>\n\t<\/div>\n<\/div>\n\n\n\n\n\t\t<\/div> \n\t<\/div>\n\t<\/div> \n<\/div><\/div><div id=\"fws_69f1d45e5c9f0\" data-midnight=\"\" data-column-margin=\"default\" class=\"wpb_row vc_row-fluid vc_row inner_row\"  style=\"\"><div class=\"row-bg-wrap\"> <div class=\"row-bg\" ><\/div> <\/div><div class=\"row_col_wrap_12_inner col span_12  left\">\n\t<div style=\" color: #000000;\" class=\"vc_col-sm-4 wpb_column column_container vc_column_container col child_column el_spacing_10px top_padding_desktop_5px right_padding_tablet_33vw right_padding_phone_0px\" data-cfc=\"true\"  data-padding-pos=\"all\" data-has-bg-color=\"false\" data-bg-color=\"\" data-bg-opacity=\"1\" data-animation=\"\" data-delay=\"0\" >\n\t\t<div class=\"vc_column-inner\" >\n\t\t<div class=\"wpb_wrapper\">\n\t\t\t<div class=\"nectar_icon_wrap\" data-style=\"default\" data-padding=\"0px\" data-color=\"accent-color\" style=\"\" >\n\t\t<div class=\"nectar_icon\" ><a href=\"https:\/\/www.instagram.com\/lafisioclinica_vlc\/\" target=\"_blank\" rel=\"noopener\"><\/a><i style=\"font-size: 30px; line-height: 30px; height: 30px; width: 30px;\" class=\"fa fa-instagram\"><\/i><\/div>\n\t<\/div>\n\t\t<\/div> \n\t<\/div>\n\t<\/div> \n\n\t<div  class=\"vc_col-sm-4 wpb_column column_container vc_column_container col child_column no-extra-padding inherit_tablet inherit_phone\"   data-padding-pos=\"all\" data-has-bg-color=\"false\" data-bg-color=\"\" data-bg-opacity=\"1\" data-animation=\"\" data-delay=\"0\" >\n\t\t<div class=\"vc_column-inner\" >\n\t\t<div class=\"wpb_wrapper\">\n\t\t\t\n\t\t<\/div> \n\t<\/div>\n\t<\/div> \n\n\t<div  class=\"vc_col-sm-4 wpb_column column_container vc_column_container col child_column no-extra-padding inherit_tablet inherit_phone\"   data-padding-pos=\"all\" data-has-bg-color=\"false\" data-bg-color=\"\" data-bg-opacity=\"1\" data-animation=\"\" data-delay=\"0\" >\n\t\t<div class=\"vc_column-inner\" >\n\t\t<div class=\"wpb_wrapper\">\n\t\t\t\n\t\t<\/div> \n\t<\/div>\n\t<\/div> \n<\/div><\/div>\n\t\t\t<\/div> \n\t\t<\/div>\n\t<\/div> \n<\/div><\/div>","protected":false},"excerpt":{"rendered":"Contacto TU CL\u00cdNICA DE RUZAFA, VALENCIA Estamos aqu\u00ed Carrer del Dr. Sumsi, 36, 46005 Val\u00e8ncia Tel. 653 64 08 83 info@lafisioclinica.com","protected":false},"author":1,"featured_media":0,"parent":0,"menu_order":0,"comment_status":"closed","ping_status":"closed","template":"","meta":{"footnotes":""},"class_list":["post-440","page","type-page","status-publish"],"_links":{"self":[{"href":"https:\/\/lafisioclinica.com\/en\/wp-json\/wp\/v2\/pages\/440","targetHints":{"allow":["GET"]}}],"collection":[{"href":"https:\/\/lafisioclinica.com\/en\/wp-json\/wp\/v2\/pages"}],"about":[{"href":"https:\/\/lafisioclinica.com\/en\/wp-json\/wp\/v2\/types\/page"}],"author":[{"embeddable":true,"href":"https:\/\/lafisioclinica.com\/en\/wp-json\/wp\/v2\/users\/1"}],"replies":[{"embeddable":true,"href":"https:\/\/lafisioclinica.com\/en\/wp-json\/wp\/v2\/comments?post=440"}],"version-history":[{"count":10,"href":"https:\/\/lafisioclinica.com\/en\/wp-json\/wp\/v2\/pages\/440\/revisions"}],"predecessor-version":[{"id":623,"href":"https:\/\/lafisioclinica.com\/en\/wp-json\/wp\/v2\/pages\/440\/revisions\/623"}],"wp:attachment":[{"href":"https:\/\/lafisioclinica.com\/en\/wp-json\/wp\/v2\/media?parent=440"}],"curies":[{"name":"wp","href":"https:\/\/api.w.org\/{rel}","templated":true}]}}