{"id":649,"date":"2024-04-17T08:34:37","date_gmt":"2024-04-17T08:34:37","guid":{"rendered":"https:\/\/lafisioclinica.com\/?page_id=649"},"modified":"2024-04-17T08:34:37","modified_gmt":"2024-04-17T08:34:37","slug":"aviso-legal","status":"publish","type":"page","link":"https:\/\/lafisioclinica.com\/en\/aviso-legal\/","title":{"rendered":"Aviso legal"},"content":{"rendered":"<div id=\"fws_69f1e97bc32a8\"  data-column-margin=\"default\" data-midnight=\"dark\"  class=\"wpb_row vc_row-fluid vc_row\"  style=\"padding-top: 0px; padding-bottom: 0px; \"><div class=\"row-bg-wrap\" data-bg-animation=\"none\" data-bg-animation-delay=\"\" data-bg-overlay=\"false\"><div class=\"inner-wrap row-bg-layer\" ><div class=\"row-bg viewport-desktop\"  style=\"\"><\/div><\/div><\/div><div class=\"row_col_wrap_12 col span_12 dark left\">\n\t<div  class=\"vc_col-sm-12 wpb_column column_container vc_column_container col no-extra-padding inherit_tablet inherit_phone\"  data-padding-pos=\"all\" data-has-bg-color=\"false\" data-bg-color=\"\" data-bg-opacity=\"1\" data-animation=\"\" data-delay=\"0\" >\n\t\t<div class=\"vc_column-inner\" >\n\t\t\t<div class=\"wpb_wrapper\">\n\t\t\t\t\n<div class=\"wpb_text_column wpb_content_element\" >\n\t<div class=\"wpb_wrapper\">\n\t\t<div>\n<div>\n<div>\n<h2 class=\"wp-block-heading\">AVISO LEGAL<\/h2>\n<\/div>\n<\/div>\n<\/div>\n<div>\n<div>\n<div>\n<p>1. LAFISIO CL\u00cdNICA, en cumplimiento de la Ley 34\/2002, de 11 de julio, de servicios de la sociedad de la informaci\u00f3n y de comercio electr\u00f3nico, le informa que:<br \/>Su denominaci\u00f3n social es\u00a0LAURA CASTELLANO IZQUIERDO. Su NIF es 24394466E y su domicilio social se encuentra en la Calle Almirante Cadarso, 25 18, 46005 Val\u00e8ncia. La direcci\u00f3n de correo electr\u00f3nico de contacto con la empresa es:\u00a0<a href=\"mailto:info@lafisioclinica.com\" target=\"_blank\" rel=\"noopener\">info@lafisioclinica.com<\/a><\/p>\n<p>2.\u00a0Le informamos que el sitio web\u00a0<a href=\"https:\/\/lafisioclinica.com\/en\/\" target=\"_blank\" rel=\"noopener\" data-saferedirecturl=\"https:\/\/www.google.com\/url?q=http:\/\/www.lafisioclinica.com\/&amp;source=gmail&amp;ust=1713428955868000&amp;usg=AOvVaw228GXBHDdqt78BLAXxI_Hs\">www.lafisioclinica.com<\/a>\u00a0(en adelante, la \u2018Web\u2019) tiene por objeto facilitar al p\u00fablico, en general, el conocimiento de las actividades que esta empresa realiza y de los productos y servicios que presta, transmitiendo las solicitudes de compra a los servicios comerciales que nos respaldan.<\/p>\n<p>3.\u00a0La informaci\u00f3n relativa a los productos y servicios que se ofrecen en las p\u00e1ginas de esta Web (contrataci\u00f3n, caracter\u00edsticas referencias a precios, impuestos aplicables, gastos de env\u00edo, cuando sean de cuenta del Usuario y dem\u00e1s circunstancias concretas), se encuentra contenida en la misma p\u00e1gina en donde dicho producto o servicio se ofrece.<\/p>\n<p>4.\u00a0De conformidad con lo establecido en el\u00a0Reglamento (UE) 2016\/679 del Parlamento Europeo y del Consejo de 27 de abril de 2016 relativo a la protecci\u00f3n de las personas f\u00edsicas (RGPD), le garantizamos la seguridad y confidencialidad de los datos facilitados por sus clientes.<\/p>\n<p>5.\u00a0Los derechos de propiedad intelectual de la Web, su c\u00f3digo fuente, dise\u00f1o, estructura de navegaci\u00f3n, bases de datos y los distintos elementos en ella contenidos son titularidad de David Doria Albuixech correspondi\u00e9ndonos el ejercicio exclusivo de los derechos de explotaci\u00f3n de los mismos en cualquier forma y, en especial, los derechos de reproducci\u00f3n, distribuci\u00f3n, comunicaci\u00f3n p\u00fablica, puesta a disposici\u00f3n y transformaci\u00f3n.<\/p>\n<p>6.\u00a0Se autoriza al Usuario, excepcionalmente, la reproducci\u00f3n parcial del contenido de la Web, s\u00f3lo y exclusivamente, si concurren todas las siguientes condiciones:<br \/>Que sea compatible con los fines de la Web.<br \/>Que se realice con el s\u00f3lo objetivo y \u00e1nimo de obtener la informaci\u00f3n contenida para uso personal y privado, quedando absolutamente excluido cualquier prop\u00f3sito o uso comercial o para su distribuci\u00f3n, comunicaci\u00f3n publica, transformaci\u00f3n o descompilaci\u00f3n.<br \/>Que ninguno de los contenidos, documentos o gr\u00e1ficos relacionados en esta Web sean modificados de ninguna manera.<br \/>Que ning\u00fan gr\u00e1fico, icono o imagen disponible en esta Web sea utilizado, copiado o distribuido, separadamente, del texto o resto de im\u00e1genes que lo acompa\u00f1an.<\/p>\n<p>Cualquier otro uso habr\u00e1 de ser comunicado y autorizado, previa y expresamente.<\/p>\n<p>7. Laura Castellano Izquierdo\u00a0es titular de los derechos de propiedad industrial referidos a sus productos y servicios, y espec\u00edficamente de los relativos a la marca registrada\u00a0LAFISIO CL\u00cdNICA.<\/p>\n<p>8.\u00a0Todo enlace de cualquier tercero a esta Web debe serlo a su p\u00e1gina principal o de entrada.<\/p>\n<p>9. LAFISIO CL\u00cdNICA\u00a0no asume responsabilidad alguna derivada de la conexi\u00f3n o contenidos de los enlaces de terceros a los que se pueda hacer referencia en la Web.<\/p>\n<p>10.\u00a0Respecto a las citas de productos y servicios de terceros, en su caso,\u00a0LAFISIO CL\u00cdNICA. reconoce a favor de sus titulares los correspondientes derechos de propiedad industrial e intelectual, no implicando su sola menci\u00f3n o aparici\u00f3n en la Web la existencia de derechos ni de responsabilidad alguna sobre los mismos, como tampoco respaldo, patrocinio o recomendaci\u00f3n.<\/p>\n<p>11.\u00a0La utilizaci\u00f3n no autorizada de la informaci\u00f3n contenida en esta Web, as\u00ed como la lesi\u00f3n de los derechos de Propiedad Intelectual o Industrial correspondientes, dar\u00e1 lugar a las responsabilidades legalmente establecidas.<\/p>\n<p>12. LAFISIO CL\u00cdNICA\u00a0se reserva la facultad de efectuar, en cualquier momento y sin necesidad de previo aviso, modificaciones y actualizaciones de la informaci\u00f3n contenida en su Web o en la configuraci\u00f3n y presentaci\u00f3n de \u00e9sta.<\/p>\n<p>13. LAFISIO CL\u00cdNICA\u00a0no garantiza la inexistencia de errores en el acceso a la Web, en su contenido, ni que \u00e9ste se encuentre actualizado, aunque\u00a0LAFISIO\u00a0CL\u00cdNICA\u00a0<wbr \/>desarrollar\u00e1 sus mejores esfuerzos para, en su caso, evitarlos, subsanarlos o actualizarlos.<\/p>\n<p>14.\u00a0Tanto el acceso a esta Web como el uso que pueda hacerse de la informaci\u00f3n contenida en la misma es de la exclusiva responsabilidad de quien lo realiza. El Usuario ser\u00e1 responsable de todas las acciones que efect\u00fae con su identificador de usuario. En concreto, ser\u00e1 responsable de escoger, como clave y como recordatorio de la misma, contrase\u00f1as y frases robustas, esto es, cifras y letras e incluso, en los sistemas que lo permitan, signos de puntuaci\u00f3n y caracteres especiales, dif\u00edciles de adivinar. En especial, el Usuario evitar\u00e1 escoger palabras del diccionario, palabras que est\u00e9n relacionadas con \u00e9l mismo (nombre de familiar, domicilio, fecha de nacimiento, etc.) o sencillas de adivinar (combinaciones de nombres con meses, prefijos y sufijos, etc.).\u00a0LAFISIO\u00a0CL\u00cdNICA\u00a0no responder\u00e1 de ninguna consecuencia, da\u00f1o o perjuicio que pudieran derivarse de dicho acceso o uso de la informaci\u00f3n.<\/p>\n<p>15. LAFISIO CL\u00cdNICA\u00a0no se hace responsable de los posibles errores de seguridad que se puedan producir ni de los posibles da\u00f1os que puedan causarse al sistema inform\u00e1tico del Usuario (hardware y software), los ficheros o documentos almacenados en el mismo, como consecuencia de la presencia de virus en el ordenador del Usuario utilizado para la conexi\u00f3n a los servicios y contenidos de la Web, de un mal funcionamiento del navegador o del uso de versiones no actualizadas del mismo.<\/p>\n<p>16.\u00a0Las cookies constituyen una herramienta empleada por los servidores web para almacenar y recuperar informaci\u00f3n acerca de sus visitantes. Son peque\u00f1os archivos de texto que enviamos a su ordenador para mantener un registro de sus preferencias y recordarlas a su regreso.\u00a0LAFISIO\u00a0CL\u00cdNICA\u00a0<wbr \/>utiliza cookies para facilitar la navegaci\u00f3n por su Web y para obtener una mayor eficacia y personalizaci\u00f3n de los servicios ofrecidos a los Usuarios. Las cookies utilizadas permiten almacenar informaci\u00f3n sobre las preferencias e idioma del Usuario, a fin de poder mostrarle contenidos y ofertas de especial inter\u00e9s acordes con su perfil y registrar el n\u00famero de veces que se muestra a un Usuario un determinado mensaje (generalmente, novedades en la Web). El Usuario puede, libremente, decidir acerca de la implantaci\u00f3n o no, en su disco duro, de las cookies empleadas. En este sentido, el Usuario puede configurar su navegador para aceptar o rechazar, por defecto, todas las cookies, o para recibir un aviso en pantalla de la recepci\u00f3n de cada cookie y decidir, en ese momento, su implantaci\u00f3n o no en su disco duro. Para ello, le sugerimos la secci\u00f3n de ayuda de su navegador, para saber c\u00f3mo cambiar la configuraci\u00f3n que actualmente emplea.<\/p>\n<p>17. LAFISIO CL\u00cdNICA\u00a0y el Usuario, con renuncia expresa a cualquier otro fuero, se someten al de los juzgados y tribunales del domicilio del Usuario, para cualquier controversia que pudiera derivarse del acceso a esta Web.<\/p>\n<\/div>\n<\/div>\n<\/div>\n<p>&nbsp;<\/p>\n\t<\/div>\n<\/div>\n\n\n\n\n\t\t\t<\/div> \n\t\t<\/div>\n\t<\/div> \n<\/div><\/div>","protected":false},"excerpt":{"rendered":"AVISO LEGAL 1. LAFISIO CL\u00cdNICA, en cumplimiento de la Ley 34\/2002, de 11 de julio, de servicios de la sociedad de la informaci\u00f3n y de comercio electr\u00f3nico, le informa que:Su...","protected":false},"author":1,"featured_media":0,"parent":0,"menu_order":0,"comment_status":"closed","ping_status":"open","template":"","meta":{"footnotes":""},"class_list":["post-649","page","type-page","status-publish"],"_links":{"self":[{"href":"https:\/\/lafisioclinica.com\/en\/wp-json\/wp\/v2\/pages\/649","targetHints":{"allow":["GET"]}}],"collection":[{"href":"https:\/\/lafisioclinica.com\/en\/wp-json\/wp\/v2\/pages"}],"about":[{"href":"https:\/\/lafisioclinica.com\/en\/wp-json\/wp\/v2\/types\/page"}],"author":[{"embeddable":true,"href":"https:\/\/lafisioclinica.com\/en\/wp-json\/wp\/v2\/users\/1"}],"replies":[{"embeddable":true,"href":"https:\/\/lafisioclinica.com\/en\/wp-json\/wp\/v2\/comments?post=649"}],"version-history":[{"count":2,"href":"https:\/\/lafisioclinica.com\/en\/wp-json\/wp\/v2\/pages\/649\/revisions"}],"predecessor-version":[{"id":651,"href":"https:\/\/lafisioclinica.com\/en\/wp-json\/wp\/v2\/pages\/649\/revisions\/651"}],"wp:attachment":[{"href":"https:\/\/lafisioclinica.com\/en\/wp-json\/wp\/v2\/media?parent=649"}],"curies":[{"name":"wp","href":"https:\/\/api.w.org\/{rel}","templated":true}]}}